{"id":239,"date":"2018-06-06T00:51:10","date_gmt":"2018-06-05T22:51:10","guid":{"rendered":"http:\/\/www.expercia.fr\/pros\/expertise-immobiliere\/"},"modified":"2018-09-11T15:49:47","modified_gmt":"2018-09-11T13:49:47","slug":"expertise-immobiliere","status":"publish","type":"page","link":"http:\/\/www.expercia.fr\/pro\/expertise-immobiliere\/","title":{"rendered":"Expertise immobili\u00e8re"},"content":{"rendered":"<div class=\"flex_column av_one_full  flex_column_div av-zero-column-padding first   \" style='margin-top:-50px; margin-bottom:0; border-radius:0px; '><div class='avia-image-container  av-styling-     avia-align-center '  itemscope=\"itemscope\" itemtype=\"https:\/\/schema.org\/ImageObject\"  ><div class='avia-image-container-inner'><img class='avia_image ' src='http:\/\/www.expercia.fr\/pro\/wp-content\/uploads\/sites\/5\/2018\/09\/local-pro-general-1500x383.jpg' alt='' title='local-pro-general'   itemprop=\"thumbnailUrl\"  \/><\/div><\/div><\/div>\n<div class=\"flex_column av_one_third  flex_column_div av-zero-column-padding first  \" style='border-radius:0px; '><div class='avia-builder-widget-area clearfix '><section id=\"nav_menu-2\" class=\"widget clearfix widget_nav_menu\"><div class=\"menu-menu-expertise-immo-container\"><ul id=\"menu-menu-expertise-immo\" class=\"menu\"><li id=\"menu-item-482\" class=\"menu-item menu-item-type-post_type menu-item-object-page menu-item-has-children menu-item-482\"><a href=\"http:\/\/www.expercia.fr\/pro\/expertise-immobiliere\/\">Expertise immobili\u00e8re<\/a>\n<ul class=\"sub-menu\">\n\t<li id=\"menu-item-488\" class=\"menu-item menu-item-type-post_type menu-item-object-page menu-item-488\"><a href=\"http:\/\/www.expercia.fr\/pro\/expertise-immobiliere\/evaluer-un-droit-au-bail\/\">Evaluer un droit au bail<\/a><\/li>\n\t<li id=\"menu-item-489\" class=\"menu-item menu-item-type-post_type menu-item-object-page menu-item-489\"><a href=\"http:\/\/www.expercia.fr\/pro\/expertise-immobiliere\/evaluation-dentrepots\/\">Evaluation d&rsquo;entrep\u00f4ts<\/a><\/li>\n\t<li id=\"menu-item-483\" class=\"menu-item menu-item-type-post_type menu-item-object-page menu-item-483\"><a href=\"http:\/\/www.expercia.fr\/pro\/expertise-immobiliere\/evaluation-dactifs-immobiliers\/\">Evaluation d&rsquo;actifs immobiliers<\/a><\/li>\n\t<li id=\"menu-item-484\" class=\"menu-item menu-item-type-post_type menu-item-object-page menu-item-484\"><a href=\"http:\/\/www.expercia.fr\/pro\/expertise-immobiliere\/evaluation-de-bureaux\/\">Evaluation de bureaux<\/a><\/li>\n\t<li id=\"menu-item-485\" class=\"menu-item menu-item-type-post_type menu-item-object-page menu-item-485\"><a href=\"http:\/\/www.expercia.fr\/pro\/expertise-immobiliere\/evaluation-de-locaux-commerciaux\/\">Evaluation de locaux commerciaux<\/a><\/li>\n<\/ul>\n<\/li>\n<\/ul><\/div><span class=\"seperator extralight-border\"><\/span><\/section><\/div><\/div>\n<div class=\"flex_column av_two_third  flex_column_div    \" style='padding:15px 30px 15px 30px ; background-color:#ffffff; border-radius:0px; '><section class=\"av_textblock_section \"  itemscope=\"itemscope\" itemtype=\"https:\/\/schema.org\/CreativeWork\" ><div class='avia_textblock  '   itemprop=\"text\" ><h1>Expertise immobili\u00e8re b\u00e2timents professionnels<\/h1>\n<p>Expertiser un hangar, un entrep\u00f4t, des locaux d&rsquo;activit\u00e9s, des bureaux.<\/p>\n<h2>Expercia travaille fr\u00e9quemment \u00e0 la demande de grands groupes, de collectivit\u00e9s ou d&rsquo;institutionnels.<\/h2>\n<p>Notre champ de comp\u00e9tences dans ce domaine est large et couvre l\u2019ensemble des \u00e9valuations de b\u00e2timents ainsi que les probl\u00e9matiques d\u2019\u00e9valuations fonci\u00e8res.<\/p>\n<p>Expercia proc\u00e8de \u00e9galement l\u2019\u00e9valuation de la valeur locative.<\/p>\n<p><strong>Les diff\u00e9rents cadres d&rsquo;\u00e9valuations et biens expertis\u00e9s :<\/strong><\/p>\n<ul>\n<li>L&rsquo;\u00e9valuation d&rsquo;actifs immobiliers<\/li>\n<li>L&rsquo;\u00e9valuation de b\u00e2timents industriels<\/li>\n<li>L&rsquo;\u00e9valuation d&rsquo;unit\u00e9s de stockage<\/li>\n<li>L&rsquo;\u00e9valuation de bureaux<\/li>\n<li>L&rsquo;\u00e9valuation b\u00e2timents commerciaux \/ boutiques<\/li>\n<li>L&rsquo;\u00e9valuation locative<\/li>\n<li>L&rsquo;\u00e9valuation h\u00f4telli\u00e8re<\/li>\n<li>L&rsquo; evaluation de campings etc<\/li>\n<\/ul>\n<\/div><\/section><\/div>\n","protected":false},"excerpt":{"rendered":"","protected":false},"author":2,"featured_media":0,"parent":0,"menu_order":4,"comment_status":"closed","ping_status":"closed","template":"","meta":{"footnotes":""},"class_list":["post-239","page","type-page","status-publish","hentry"],"_links":{"self":[{"href":"http:\/\/www.expercia.fr\/pro\/wp-json\/wp\/v2\/pages\/239","targetHints":{"allow":["GET"]}}],"collection":[{"href":"http:\/\/www.expercia.fr\/pro\/wp-json\/wp\/v2\/pages"}],"about":[{"href":"http:\/\/www.expercia.fr\/pro\/wp-json\/wp\/v2\/types\/page"}],"author":[{"embeddable":true,"href":"http:\/\/www.expercia.fr\/pro\/wp-json\/wp\/v2\/users\/2"}],"replies":[{"embeddable":true,"href":"http:\/\/www.expercia.fr\/pro\/wp-json\/wp\/v2\/comments?post=239"}],"version-history":[{"count":71,"href":"http:\/\/www.expercia.fr\/pro\/wp-json\/wp\/v2\/pages\/239\/revisions"}],"predecessor-version":[{"id":717,"href":"http:\/\/www.expercia.fr\/pro\/wp-json\/wp\/v2\/pages\/239\/revisions\/717"}],"wp:attachment":[{"href":"http:\/\/www.expercia.fr\/pro\/wp-json\/wp\/v2\/media?parent=239"}],"curies":[{"name":"wp","href":"https:\/\/api.w.org\/{rel}","templated":true}]}}