{"id":243,"date":"2018-06-06T00:51:10","date_gmt":"2018-06-05T22:51:10","guid":{"rendered":"http:\/\/www.expercia.fr\/pros\/devis\/"},"modified":"2018-09-14T17:17:36","modified_gmt":"2018-09-14T15:17:36","slug":"devis","status":"publish","type":"page","link":"http:\/\/www.expercia.fr\/pro\/devis\/","title":{"rendered":"Devis"},"content":{"rendered":"<div class=\"flex_column av_one_full  flex_column_div first   \" style='margin-top:-50px; margin-bottom:0; padding:20px; background-color:#ffffff; border-radius:0px; '><section class=\"av_textblock_section \"  itemscope=\"itemscope\" itemtype=\"https:\/\/schema.org\/CreativeWork\" ><div class='avia_textblock  '   itemprop=\"text\" ><h1 style=\"text-align: center;\">Demander un devis<\/h1>\n<\/div><\/section><br \/>\n<form action=\"http:\/\/www.expercia.fr\/pro\/devis\/\" method=\"post\"  class=\"avia_ajax_form av-form-labels-visible     \" data-avia-form-id=\"1\" data-avia-redirect=''><fieldset><p class=' first_form  form_element form_element_half' id='element_avia_1_1'><label for=\"avia_1_1\">Votre nom <abbr class=\"required\" title=\"requis\">*<\/abbr><\/label> <input name=\"avia_1_1\" class=\"text_input is_empty\" type=\"text\" id=\"avia_1_1\" value=\"\" \/><\/p><p class=' form_element form_element_half' id='element_avia_2_1'><label for=\"avia_2_1\">Votre pr\u00e9nom <abbr class=\"required\" title=\"requis\">*<\/abbr><\/label> <input name=\"avia_2_1\" class=\"text_input is_empty\" type=\"text\" id=\"avia_2_1\" value=\"\" \/><\/p><p class=' first_form  form_element form_element_half' id='element_avia_3_1'><label for=\"avia_3_1\">Votre d\u00e9partement <abbr class=\"required\" title=\"requis\">*<\/abbr><\/label> <input name=\"avia_3_1\" class=\"text_input is_empty\" type=\"text\" id=\"avia_3_1\" value=\"\" \/><\/p><p class=' form_element form_element_half' id='element_avia_4_1'><label for=\"avia_4_1\">Votre num\u00e9ro de t\u00e9l\u00e9phone <abbr class=\"required\" title=\"requis\">*<\/abbr><\/label> <input name=\"avia_4_1\" class=\"text_input is_phone\" type=\"text\" id=\"avia_4_1\" value=\"\" \/><\/p><p class=' first_form  form_element form_fullwidth' id='element_avia_5_1'><label for=\"avia_5_1\">Adresse mail <abbr class=\"required\" title=\"requis\">*<\/abbr><\/label> <input name=\"avia_5_1\" class=\"text_input is_email\" type=\"text\" id=\"avia_5_1\" value=\"\" \/><\/p><p class=' first_form  form_element form_fullwidth' id='element_avia_6_1'><label for=\"avia_6_1\">Adresse du bien \u00e0 expertiser<\/label> <input name=\"avia_6_1\" class=\"text_input \" type=\"text\" id=\"avia_6_1\" value=\"\" \/><\/p><p class=' first_form  form_element form_fullwidth' id='element_avia_7_1'><label for=\"avia_7_1\">Type d\u2019\u00e9valuation <abbr class=\"required\" title=\"requis\">*<\/abbr><\/label> <select  name=\"avia_7_1\" class=\"select is_empty\" id=\"avia_7_1\"><option  value ='\u00c9valuation d\u2019entreprise'>\u00c9valuation d\u2019entreprise<\/option><option  value ='\u00c9valuation immobili\u00e8re'>\u00c9valuation immobili\u00e8re<\/option><option  value ='\u00c9valuation fonci\u00e8re'>\u00c9valuation fonci\u00e8re<\/option><option  value ='Expertise en b\u00e2timent'>Expertise en b\u00e2timent<\/option><option  value ='Cession\/Acquisition'>Cession\/Acquisition<\/option><\/select><\/p><p class=' first_form  form_element form_fullwidth av-last-visible-form-element' id='element_avia_8_1'>\t <label for=\"avia_8_1\" class=\"textare_label hidden textare_label_avia_8_1\">Description du bien ou de l\u2019entreprise \u00e0 \u00e9valuer <abbr class=\"required\" title=\"requis\">*<\/abbr><\/label>\t <textarea  name=\"avia_8_1\" class=\"text_area is_empty\" cols=\"40\" rows=\"7\" id=\"avia_8_1\" ><\/textarea><\/p><p class=\"hidden\"><input type=\"text\" name=\"avia_9_1\" class=\"hidden \" id=\"avia_9_1\" value=\"\" \/><\/p><p class=\"form_element \"><input type=\"hidden\" value=\"1\" name=\"avia_generated_form1\" \/><input type=\"submit\" value=\"Valider\" class=\"button\"  data-sending-label=\"Envoi\"\/><\/p><\/fieldset><\/form><div id=\"ajaxresponse_1\" class=\"ajaxresponse ajaxresponse_1 hidden\"><\/div><\/p><\/div>\n","protected":false},"excerpt":{"rendered":"","protected":false},"author":2,"featured_media":0,"parent":0,"menu_order":9,"comment_status":"closed","ping_status":"closed","template":"","meta":{"footnotes":""},"class_list":["post-243","page","type-page","status-publish","hentry"],"_links":{"self":[{"href":"http:\/\/www.expercia.fr\/pro\/wp-json\/wp\/v2\/pages\/243","targetHints":{"allow":["GET"]}}],"collection":[{"href":"http:\/\/www.expercia.fr\/pro\/wp-json\/wp\/v2\/pages"}],"about":[{"href":"http:\/\/www.expercia.fr\/pro\/wp-json\/wp\/v2\/types\/page"}],"author":[{"embeddable":true,"href":"http:\/\/www.expercia.fr\/pro\/wp-json\/wp\/v2\/users\/2"}],"replies":[{"embeddable":true,"href":"http:\/\/www.expercia.fr\/pro\/wp-json\/wp\/v2\/comments?post=243"}],"version-history":[{"count":16,"href":"http:\/\/www.expercia.fr\/pro\/wp-json\/wp\/v2\/pages\/243\/revisions"}],"predecessor-version":[{"id":784,"href":"http:\/\/www.expercia.fr\/pro\/wp-json\/wp\/v2\/pages\/243\/revisions\/784"}],"wp:attachment":[{"href":"http:\/\/www.expercia.fr\/pro\/wp-json\/wp\/v2\/media?parent=243"}],"curies":[{"name":"wp","href":"https:\/\/api.w.org\/{rel}","templated":true}]}}