{"id":442,"date":"2018-08-21T14:33:31","date_gmt":"2018-08-21T12:33:31","guid":{"rendered":"http:\/\/www.expercia.fr\/pro\/evaluation-dentreprise\/principe-methodes-devaluation-dentreprises\/"},"modified":"2018-09-11T23:47:20","modified_gmt":"2018-09-11T21:47:20","slug":"les-principales-methodes-devaluations-dentreprises","status":"publish","type":"page","link":"http:\/\/www.expercia.fr\/pro\/evaluation-dentreprise\/les-principales-methodes-devaluations-dentreprises\/","title":{"rendered":"Principe m\u00e9thodes d&rsquo;\u00e9valuation d&rsquo;entreprises"},"content":{"rendered":"<div class=\"flex_column av_one_full  flex_column_div av-zero-column-padding first   \" style='margin-top:-50px; margin-bottom:0; border-radius:0px; '><div class='avia-image-container  av-styling-     avia-align-center '  itemscope=\"itemscope\" itemtype=\"https:\/\/schema.org\/ImageObject\"  ><div class='avia-image-container-inner'><img class='avia_image ' src='http:\/\/www.expercia.fr\/pro\/wp-content\/uploads\/sites\/5\/2018\/09\/eval-entreprise-general-1500x383.jpg' alt='' title='eval-entreprise-general'   itemprop=\"thumbnailUrl\"  \/><\/div><\/div><\/div>\n<div class=\"flex_column av_one_third  flex_column_div av-zero-column-padding first  \" style='border-radius:0px; '><div class='avia-builder-widget-area clearfix '><section id=\"nav_menu-3\" class=\"widget clearfix widget_nav_menu\"><div class=\"menu-menu-eval-entreprise-container\"><ul id=\"menu-menu-eval-entreprise\" class=\"menu\"><li id=\"menu-item-509\" class=\"menu-item menu-item-type-post_type menu-item-object-page menu-item-has-children menu-item-509\"><a href=\"http:\/\/www.expercia.fr\/pro\/evaluation-dentreprise\/\">Evaluation d&rsquo;entreprise<\/a>\n<ul class=\"sub-menu\">\n\t<li id=\"menu-item-510\" class=\"menu-item menu-item-type-post_type menu-item-object-page menu-item-510\"><a href=\"http:\/\/www.expercia.fr\/pro\/evaluation-dentreprise\/les-principales-methodes-devaluations-dentreprises\/\">Principe m\u00e9thodes d&rsquo;\u00e9valuation d&rsquo;entreprises<\/a><\/li>\n\t<li id=\"menu-item-511\" class=\"menu-item menu-item-type-post_type menu-item-object-page menu-item-511\"><a href=\"http:\/\/www.expercia.fr\/pro\/evaluation-dentreprise\/creation-de-societe\/\">Cr\u00e9ation de soci\u00e9t\u00e9<\/a><\/li>\n\t<li id=\"menu-item-512\" class=\"menu-item menu-item-type-post_type menu-item-object-page menu-item-512\"><a href=\"http:\/\/www.expercia.fr\/pro\/evaluation-dentreprise\/separation-dassocies\/\">S\u00e9paration d&rsquo;associ\u00e9s<\/a><\/li>\n\t<li id=\"menu-item-513\" class=\"menu-item menu-item-type-post_type menu-item-object-page menu-item-513\"><a href=\"http:\/\/www.expercia.fr\/pro\/evaluation-dentreprise\/expert-consultant-evaluations-dentreprises\/\">Expert, consultant \u00e9valuations d&rsquo;entreprises<\/a><\/li>\n\t<li id=\"menu-item-514\" class=\"menu-item menu-item-type-post_type menu-item-object-page menu-item-514\"><a href=\"http:\/\/www.expercia.fr\/pro\/evaluation-dentreprise\/evaluer-une-entreprise-par-la-methode-patrimoniale\/\">Evaluer une entreprise par la m\u00e9thode patrimoniale<\/a><\/li>\n\t<li id=\"menu-item-515\" class=\"menu-item menu-item-type-post_type menu-item-object-page menu-item-515\"><a href=\"http:\/\/www.expercia.fr\/pro\/evaluation-dentreprise\/le-bareme-des-fonds-de-commerce\/\">Le bar\u00e8me des fonds de commerce<\/a><\/li>\n\t<li id=\"menu-item-516\" class=\"menu-item menu-item-type-post_type menu-item-object-page menu-item-516\"><a href=\"http:\/\/www.expercia.fr\/pro\/evaluation-dentreprise\/methode-evaluation-goodwill\/\">M\u00e9thode \u00e9valuation entreprise \u2013 goodwill<\/a><\/li>\n\t<li id=\"menu-item-517\" class=\"menu-item menu-item-type-post_type menu-item-object-page menu-item-517\"><a href=\"http:\/\/www.expercia.fr\/pro\/evaluation-dentreprise\/evaluer-site-internet\/\">Evaluer site internet<\/a><\/li>\n<\/ul>\n<\/li>\n<\/ul><\/div><span class=\"seperator extralight-border\"><\/span><\/section><\/div><\/div>\n<div class=\"flex_column av_two_third  flex_column_div    \" style='padding:15px 30px 15px 30px ; background-color:#ffffff; border-radius:0px; '><section class=\"av_textblock_section \"  itemscope=\"itemscope\" itemtype=\"https:\/\/schema.org\/CreativeWork\" ><div class='avia_textblock  '   itemprop=\"text\" ><h1>Principales m\u00e9thodes d&rsquo;\u00e9valuations d&rsquo;Entreprises<\/h1>\n<p style=\"text-align: justify;\">Evaluer une entreprise- \u00e9valuer un fonds de commerce- \u00e9valuer une client\u00e8le \u00e9valeur un droit au bail, \u00e9valuer une marque&#8230;.<\/p>\n<h2>Les principales m\u00e9thodes d&rsquo;\u00e9valuations pour les entreprises<\/h2>\n<p style=\"text-align: justify;\">Le choix de la m\u00e9thode est \u00e9tabli en fonction de la typologie de l&rsquo;entreprise et apr\u00e8s analyse par l&rsquo;expert de nombreux \u00e9l\u00e9ments tel que l&rsquo;analyse de son march\u00e9, le degr\u00e9s de d\u00e9pendance entre son r\u00e9sultat et la personnalit\u00e9 du dirigeant, l&rsquo;analyse de la concurrence, l&rsquo;importance du capital n\u00e9cessaire \u00e0 son fonctionnement, la r\u00e9\u00e9valuation de l&rsquo;actif&#8230;.<\/p>\n<p style=\"text-align: justify;\">L&rsquo;\u00e9valuation d&rsquo;une entreprise quelle qu&rsquo;elle soit, ne repose pas sur une m\u00e9thode mais sur un raisonnement, la m\u00e9thode choisie d\u00e9coule de ce questionnement, son choix est argument\u00e9.<\/p>\n<h3><a href=\"http:\/\/www.expercia.fr\/pro\/evaluation-dentreprise\/evaluer-une-entreprise-par-la-methode-patrimoniale\/\">Les m\u00e9thodes patrimoniales (cliquez ici)<\/a><\/h3>\n<h3><a href=\"http:\/\/www.expercia.fr\/pro\/evaluation-dentreprise\/le-bareme-des-fonds-de-commerce\/\">Les bar\u00e8mes de fonds de commerce, m\u00e9thode bas\u00e9e sur le chiffre d&rsquo;Affaire (cliquez ici)<\/a><\/h3>\n<h3><a href=\"http:\/\/www.expercia.fr\/pro\/evaluation-dentreprise\/evaluer-une-entreprise-par-la-methode-patrimoniale\/\">La m\u00e9thode du multiplicateur du b\u00e9n\u00e9fice (cliquez ici)<\/a><\/h3>\n<h3>Les m\u00e9thodes bas\u00e9s sur la rentabilit\u00e9<\/h3>\n<h3><a href=\"http:\/\/www.expercia.fr\/pro\/evaluation-dentreprise\/methode-evaluation-entreprise-goodwill\/\">La m\u00e9thode dite du Goodwill (cliquez ici)<\/a><\/h3>\n<\/div><\/section><\/div>\n","protected":false},"excerpt":{"rendered":"","protected":false},"author":2,"featured_media":0,"parent":241,"menu_order":0,"comment_status":"closed","ping_status":"closed","template":"","meta":{"footnotes":""},"class_list":["post-442","page","type-page","status-publish","hentry"],"_links":{"self":[{"href":"http:\/\/www.expercia.fr\/pro\/wp-json\/wp\/v2\/pages\/442","targetHints":{"allow":["GET"]}}],"collection":[{"href":"http:\/\/www.expercia.fr\/pro\/wp-json\/wp\/v2\/pages"}],"about":[{"href":"http:\/\/www.expercia.fr\/pro\/wp-json\/wp\/v2\/types\/page"}],"author":[{"embeddable":true,"href":"http:\/\/www.expercia.fr\/pro\/wp-json\/wp\/v2\/users\/2"}],"replies":[{"embeddable":true,"href":"http:\/\/www.expercia.fr\/pro\/wp-json\/wp\/v2\/comments?post=442"}],"version-history":[{"count":7,"href":"http:\/\/www.expercia.fr\/pro\/wp-json\/wp\/v2\/pages\/442\/revisions"}],"predecessor-version":[{"id":519,"href":"http:\/\/www.expercia.fr\/pro\/wp-json\/wp\/v2\/pages\/442\/revisions\/519"}],"up":[{"embeddable":true,"href":"http:\/\/www.expercia.fr\/pro\/wp-json\/wp\/v2\/pages\/241"}],"wp:attachment":[{"href":"http:\/\/www.expercia.fr\/pro\/wp-json\/wp\/v2\/media?parent=442"}],"curies":[{"name":"wp","href":"https:\/\/api.w.org\/{rel}","templated":true}]}}